{"id":2362,"date":"2025-04-26T21:38:37","date_gmt":"2025-04-27T01:38:37","guid":{"rendered":"https:\/\/toisuismoi.ca\/?page_id=2362"},"modified":"2026-01-29T11:08:36","modified_gmt":"2026-01-29T16:08:36","slug":"loeuvre-du-saint-esprit-dans-leglise","status":"publish","type":"page","link":"https:\/\/toisuismoi.ca\/?page_id=2362","title":{"rendered":"L&rsquo;\u0153uvre du Saint-Esprit dans l&rsquo;\u00c9glise"},"content":{"rendered":"\n<p class=\"has-medium-font-size\">D&rsquo;ici peu, vous trouverez sur cette page une s\u00e9rie de vid\u00e9os sur l&rsquo;\u0153uvre du Saint-Esprit dans l&rsquo;\u00c9glise.<\/p>\n\n\n\n<p class=\"has-medium-font-size\"><strong>Le t\u00e9moignage de J\u00e9sus concernant le Saint Esprit<\/strong><\/p>\n\n\n\n<figure class=\"wp-block-embed is-type-video is-provider-youtube wp-block-embed-youtube wp-embed-aspect-16-9 wp-has-aspect-ratio\"><div class=\"wp-block-embed__wrapper\">\n<span class=\"embed-youtube\" style=\"text-align:center; display: block;\"><iframe loading=\"lazy\" class=\"youtube-player\" width=\"640\" height=\"360\" src=\"https:\/\/www.youtube.com\/embed\/uPeOoX-X460?version=3&#038;rel=1&#038;showsearch=0&#038;showinfo=1&#038;iv_load_policy=1&#038;fs=1&#038;hl=fr-FR&#038;autohide=2&#038;wmode=transparent\" allowfullscreen=\"true\" style=\"border:0;\" sandbox=\"allow-scripts allow-same-origin allow-popups allow-presentation allow-popups-to-escape-sandbox\"><\/iframe><\/span>\n<\/div><\/figure>\n\n\n\n<p class=\"has-medium-font-size\"><strong>Ce que fait le Saint-Esprit Avant le salut <\/strong><\/p>\n\n\n\n<figure class=\"wp-block-embed is-type-video is-provider-youtube wp-block-embed-youtube wp-embed-aspect-16-9 wp-has-aspect-ratio\"><div class=\"wp-block-embed__wrapper\">\n<span class=\"embed-youtube\" style=\"text-align:center; display: block;\"><iframe loading=\"lazy\" class=\"youtube-player\" width=\"640\" height=\"360\" src=\"https:\/\/www.youtube.com\/embed\/iRQYNVYL_TY?version=3&#038;rel=1&#038;showsearch=0&#038;showinfo=1&#038;iv_load_policy=1&#038;fs=1&#038;hl=fr-FR&#038;autohide=2&#038;wmode=transparent\" allowfullscreen=\"true\" style=\"border:0;\" sandbox=\"allow-scripts allow-same-origin allow-popups allow-presentation allow-popups-to-escape-sandbox\"><\/iframe><\/span>\n<\/div><\/figure>\n\n\n\n<p class=\"has-medium-font-size\"><strong>Le fruit de l&rsquo;Esprit<\/strong> <\/p>\n\n\n\n<ul class=\"wp-block-list\">\n<li>\u00e0 venir<\/li>\n<\/ul>\n\n\n\n<p class=\"has-medium-font-size\"><strong>Notes d&rsquo;\u00e9tudes concernant :<\/strong><\/p>\n\n\n\n<ul class=\"wp-block-list has-medium-font-size\">\n<li><strong><a href=\"https:\/\/toisuismoi.ca\/wp-content\/uploads\/2025\/04\/Le-fruit-de-lEsprit-La-joie.pdf\" title=\"Le fruit de l'Esprit - La joie \">Le fruit de l&rsquo;Esprit &#8211; La joie <\/a><\/strong><\/li>\n<\/ul>\n\n\n\n<ul class=\"wp-block-list\">\n<li class=\"has-medium-font-size\"><strong><a href=\"https:\/\/toisuismoi.ca\/wp-content\/uploads\/2025\/04\/Notes-sur-la-paix.pdf\" target=\"_blank\" rel=\"noopener\" title=\"Le fruit de l'Esprit - La paix\">Le fruit de l&rsquo;Esprit &#8211; La paix<\/a><\/strong><\/li>\n<\/ul>\n\n\n\n<ul class=\"wp-block-list\">\n<li class=\"has-medium-font-size\"><strong>Les dons spirituels<\/strong> (\u00e0 venir)<\/li>\n<\/ul>\n\n\n\n<p><\/p>\n","protected":false},"excerpt":{"rendered":"<div class=\"mh-excerpt\">D&rsquo;ici peu, vous trouverez sur cette page une s\u00e9rie de vid\u00e9os sur l&rsquo;\u0153uvre du Saint-Esprit dans l&rsquo;\u00c9glise. Le t\u00e9moignage de J\u00e9sus concernant le Saint Esprit <a class=\"mh-excerpt-more\" href=\"https:\/\/toisuismoi.ca\/?page_id=2362\" title=\"L&rsquo;\u0153uvre du Saint-Esprit dans l&rsquo;\u00c9glise\">[&#8230;]<\/a><\/div>\n","protected":false},"author":1,"featured_media":0,"parent":0,"menu_order":0,"comment_status":"closed","ping_status":"closed","template":"","meta":{"om_disable_all_campaigns":false,"_monsterinsights_skip_tracking":false,"_monsterinsights_sitenote_active":false,"_monsterinsights_sitenote_note":"","_monsterinsights_sitenote_category":0,"_uf_show_specific_survey":0,"_uf_disable_surveys":false,"footnotes":""},"class_list":["post-2362","page","type-page","status-publish","hentry"],"aioseo_notices":[],"_hostinger_reach_plugin_has_subscription_block":false,"_hostinger_reach_plugin_is_elementor":false,"jetpack_sharing_enabled":true,"jetpack_shortlink":"https:\/\/wp.me\/PaKpHI-C6","jetpack-related-posts":[],"_links":{"self":[{"href":"https:\/\/toisuismoi.ca\/index.php?rest_route=\/wp\/v2\/pages\/2362","targetHints":{"allow":["GET"]}}],"collection":[{"href":"https:\/\/toisuismoi.ca\/index.php?rest_route=\/wp\/v2\/pages"}],"about":[{"href":"https:\/\/toisuismoi.ca\/index.php?rest_route=\/wp\/v2\/types\/page"}],"author":[{"embeddable":true,"href":"https:\/\/toisuismoi.ca\/index.php?rest_route=\/wp\/v2\/users\/1"}],"replies":[{"embeddable":true,"href":"https:\/\/toisuismoi.ca\/index.php?rest_route=%2Fwp%2Fv2%2Fcomments&post=2362"}],"version-history":[{"count":3,"href":"https:\/\/toisuismoi.ca\/index.php?rest_route=\/wp\/v2\/pages\/2362\/revisions"}],"predecessor-version":[{"id":2826,"href":"https:\/\/toisuismoi.ca\/index.php?rest_route=\/wp\/v2\/pages\/2362\/revisions\/2826"}],"wp:attachment":[{"href":"https:\/\/toisuismoi.ca\/index.php?rest_route=%2Fwp%2Fv2%2Fmedia&parent=2362"}],"curies":[{"name":"wp","href":"https:\/\/api.w.org\/{rel}","templated":true}]}}