{"id":2984,"date":"2026-04-29T18:06:13","date_gmt":"2026-04-29T22:06:13","guid":{"rendered":"https:\/\/toisuismoi.ca\/?page_id=2984"},"modified":"2026-04-29T18:06:15","modified_gmt":"2026-04-29T22:06:15","slug":"dieu-prend-soin-de-nous","status":"publish","type":"page","link":"https:\/\/toisuismoi.ca\/?page_id=2984","title":{"rendered":"Dieu prend soin de nous"},"content":{"rendered":"\n<p class=\"has-large-font-size\"><strong>Un rappel d&rsquo;amour venu du ciel<\/strong><\/p>\n\n\n\n<figure class=\"wp-block-embed is-type-video is-provider-youtube wp-block-embed-youtube wp-embed-aspect-4-3 wp-has-aspect-ratio\"><div class=\"wp-block-embed__wrapper\">\n<span class=\"embed-youtube\" style=\"text-align:center; display: block;\"><iframe loading=\"lazy\" class=\"youtube-player\" width=\"640\" height=\"360\" src=\"https:\/\/www.youtube.com\/embed\/dfwSL-RiIKI?version=3&#038;rel=1&#038;showsearch=0&#038;showinfo=1&#038;iv_load_policy=1&#038;fs=1&#038;hl=fr-FR&#038;autohide=2&#038;wmode=transparent\" allowfullscreen=\"true\" style=\"border:0;\" sandbox=\"allow-scripts allow-same-origin allow-popups allow-presentation allow-popups-to-escape-sandbox\"><\/iframe><\/span>\n<\/div><\/figure>\n\n\n\n<p><\/p>\n\n\n\n<p class=\"has-medium-font-size\"><strong>Un jour, Dieu m\u2019a envoy\u00e9 un oiseau dans ma cour. Ce geste si simple en apparence a eu un impact profond sur mon c\u0153ur. \u00c0 travers cette petite cr\u00e9ature, Dieu m\u2019a rappel\u00e9 combien je comptais pour Lui.<\/strong><\/p>\n\n\n\n<p class=\"has-medium-font-size\"> <strong>J\u00e9sus nous dit dans Matthieu 6 : Regarder les oiseaux du ciel\u2026 votre P\u00e8re c\u00e9leste les nourrit. Ne valez-vous pas beaucoup plus qu\u2019eux ? <\/strong><\/p>\n\n\n\n<p class=\"has-medium-font-size\"><strong>Les oiseaux ne travaillent pas, ne font pas de r\u00e9serve, et pourtant Dieu prend soin d\u2019eux chaque jours. Si notre P\u00e8re c\u00e9leste pourvoit si parfaitement \u00e0 leurs besoins, combien plus prendra-t-il soins de nous, ses enfants si pr\u00e9cieux ! <\/strong><\/p>\n\n\n\n<p class=\"has-medium-font-size\"><strong>Cet oiseaux dans ma court n\u2019\u00e9tait pas un hasard. C\u2019\u00e9tait un message d\u2019amour de Dieu, un rappel que je suis vue, que je suis aim\u00e9e, que je suis importante pour Lui. Dieu connait mes besoins, mes peurs, mes larmes, et il est toujours l\u00e0. Dieu prend vraiment soins de moi !<\/strong><\/p>\n\n\n\n<p class=\"has-medium-font-size\"><strong>Aujourd\u2019hui, je choisis de me reposer dans cette v\u00e9rit\u00e9, de lui faire confiance. Je vaux infiniment plus que les oiseaux, parce que je suis un enfant de Dieu. <\/strong><\/p>\n\n\n\n<p><strong>Merci Seigneur pour ton amour qui ne cesse de me surprendre.<\/strong>  <strong>Merci parce que tu prends soin de nous.<\/strong><\/p>\n\n\n\n<p id=\"Rappeldamour\"><\/p>\n\n\n\n<p class=\"has-small-font-size\"> #Messagedamour #amourdeDieu #Esp\u00e9rance #Confiance #Gr\u00e2ce #J\u00e9sus #chretien<\/p>\n\n\n\n<p><\/p>\n","protected":false},"excerpt":{"rendered":"<div class=\"mh-excerpt\">Un rappel d&rsquo;amour venu du ciel Un jour, Dieu m\u2019a envoy\u00e9 un oiseau dans ma cour. Ce geste si simple en apparence a eu un <a class=\"mh-excerpt-more\" href=\"https:\/\/toisuismoi.ca\/?page_id=2984\" title=\"Dieu prend soin de nous\">[&#8230;]<\/a><\/div>\n","protected":false},"author":1,"featured_media":2985,"parent":0,"menu_order":0,"comment_status":"open","ping_status":"closed","template":"","meta":{"om_disable_all_campaigns":true,"_monsterinsights_skip_tracking":false,"_monsterinsights_sitenote_active":false,"_monsterinsights_sitenote_note":"","_monsterinsights_sitenote_category":0,"_uf_show_specific_survey":0,"_uf_disable_surveys":false,"footnotes":""},"class_list":["post-2984","page","type-page","status-publish","has-post-thumbnail","hentry"],"aioseo_notices":[],"_hostinger_reach_plugin_has_subscription_block":false,"_hostinger_reach_plugin_is_elementor":false,"jetpack_sharing_enabled":true,"jetpack_shortlink":"https:\/\/wp.me\/PaKpHI-M8","jetpack-related-posts":[],"_links":{"self":[{"href":"https:\/\/toisuismoi.ca\/index.php?rest_route=\/wp\/v2\/pages\/2984","targetHints":{"allow":["GET"]}}],"collection":[{"href":"https:\/\/toisuismoi.ca\/index.php?rest_route=\/wp\/v2\/pages"}],"about":[{"href":"https:\/\/toisuismoi.ca\/index.php?rest_route=\/wp\/v2\/types\/page"}],"author":[{"embeddable":true,"href":"https:\/\/toisuismoi.ca\/index.php?rest_route=\/wp\/v2\/users\/1"}],"replies":[{"embeddable":true,"href":"https:\/\/toisuismoi.ca\/index.php?rest_route=%2Fwp%2Fv2%2Fcomments&post=2984"}],"version-history":[{"count":1,"href":"https:\/\/toisuismoi.ca\/index.php?rest_route=\/wp\/v2\/pages\/2984\/revisions"}],"predecessor-version":[{"id":2987,"href":"https:\/\/toisuismoi.ca\/index.php?rest_route=\/wp\/v2\/pages\/2984\/revisions\/2987"}],"wp:featuredmedia":[{"embeddable":true,"href":"https:\/\/toisuismoi.ca\/index.php?rest_route=\/wp\/v2\/media\/2985"}],"wp:attachment":[{"href":"https:\/\/toisuismoi.ca\/index.php?rest_route=%2Fwp%2Fv2%2Fmedia&parent=2984"}],"curies":[{"name":"wp","href":"https:\/\/api.w.org\/{rel}","templated":true}]}}