{"id":400,"date":"2019-02-23T02:15:09","date_gmt":"2019-02-23T07:15:09","guid":{"rendered":"http:\/\/toisuismoi.ca\/?page_id=400"},"modified":"2023-11-10T19:53:44","modified_gmt":"2023-11-11T00:53:44","slug":"levangile","status":"publish","type":"page","link":"https:\/\/toisuismoi.ca\/?page_id=400","title":{"rendered":"L&rsquo;\u00e9vangile"},"content":{"rendered":"\n<p>L\u2019\u00e9vangile de J\u00e9sus   Christ, voil\u00e0 la raison d\u2019\u00eatre de toute la Parole de Dieu. Mais pourquoi   donc? Parce nous en avons sinc\u00e8rement de besoin. L\u2019\u00c9vangile signifie   \u00ab&nbsp;bonne nouvelle&nbsp;\u00bb. Nous pouvons donc remplacer l\u2019expression   \u00c9vangile de J\u00e9sus Christ par bonne nouvelle. Si nous avons besoin d\u2019une bonne   nouvelle, c\u2019est parce que nous sommes aux prises avec une mauvaise nouvelle   qui se nomme notre nature p\u00e9cheresse ainsi que des cons\u00e9quences qui   l\u2019accompagnent.&nbsp; Le p\u00e9ch\u00e9 est une   maladie mortelle, c\u2019est ce que Paul affirme.&nbsp;   Nous sommes tous p\u00e9cheurs et le salaire du p\u00e9ch\u00e9 c\u2019est la mort (Rom 3.23 et 6.23).<\/p>\n\n\n\n<p>L\u2019\u00e9tat p\u00e9cheur n\u2019a pas\n  \u00e9t\u00e9 toujours pr\u00e9sent. Nous remarquerons que suite \u00e0 la cr\u00e9ation, Dieu l\u00e0 consid\u00e9ra\n  et il trouva que cela \u00e9tait tr\u00e8s bon (Ge 1.31). En \u00e9tablissant Adam et \u00c8ve\n  dans le jardin d\u2019\u00c9den il leur a dit&nbsp;: \u00ab quant&nbsp;\u00e0 l&rsquo;<strong>arbre<\/strong> de la <strong>connaissance<\/strong> du bien et\n  du mal, tu n&rsquo;en mangeras point ; car au jour o\u00f9 tu en mangeras, <em>certainement tu mourras<\/em>&nbsp;\u00bb (Ge 2.17). Ce fut donc par la d\u00e9sob\u00e9issance \u00e0\n  cet unique commandement que le p\u00e9ch\u00e9 et sa cons\u00e9quence firent leurs entr\u00e9es\n  dans l\u2019histoire de l\u2019humanit\u00e9. A ce moment-l\u00e0, Il y a eu alors deux types de\n  mort qui ont suivi, la mort spirituelle, c&rsquo;est-\u00e0-dire la mise \u00e0 la porte du\n  jardin d\u2019\u00c9den et de la communion avec Dieu ainsi que la mort physique qui\n  arriva plus tard. <\/p>\n\n\n\n<p>Depuis lors, chaque   personne qui voit le jour est assur\u00e9e de conna\u00eetre la mort, car nous sommes   tous p\u00e9cheurs et priv\u00e9 de la gloire de Dieu (Ro   3.23). Si cette mort n\u2019\u00e9tait que la fin de la vie et suivit du n\u00e9ant, ce ne   serait pas si pire, mais en fait J\u00e9sus parle de peines \u00e9ternelles (Mt 25.46).\u00a0 <\/p>\n\n\n\n<p>Le message de J\u00e9sus est\n  tr\u00e8s clair, il y aura un jour de jugement ou d\u2019un c\u00f4t\u00e9 nous retrouvons ceux \u00e0\n  qui il dira \u00ab&nbsp;poss\u00e9dez en h\u00e9ritage le royaume qui vous a \u00e9t\u00e9 pr\u00e9par\u00e9 d\u00e8s\n  la fondation du monde&nbsp;\u00bb et aux autres il dira \u00ab&nbsp;retirez-vous de\n  moi, maudits, et allez au feu \u00e9ternel&nbsp;\u00bb (Mt 25.34 et 41).<\/p>\n\n\n\n<p>Face \u00e0 une telle\n  situation, une si mauvaise nouvelle, nous convenons\n  que nous avons v\u00e9ritablement besoin de la Bonne Nouvelle de J\u00e9sus Christ. Car\n  il est certain que nous connaitrons tous la mort et passerons tous en\n  jugement. C\u2019est pour cette raison que Christ a offert sa vie pour \u00eatre\n  offerte une fois pour \u00f4ter les p\u00e9ch\u00e9s de plusieurs (H\u00e9 9.27-28). <\/p>\n\n\n\n<p>Nous pouvons donc nous\n  interroger quant \u00e0 la mani\u00e8re d\u2019\u00eatre de ceux qui b\u00e9n\u00e9ficient de la cl\u00e9mence\n  de Dieu. Ne nous trompons pas, ce ne sont pas tous ceux qui diront\n  \u00ab&nbsp;Seigneur, Seigneur&nbsp;\u00bb qui entreront dans le royaume de Dieu\n  (Mt.7.22). Seuls ceux que le Seigneur aura connus connaitront la vie\n  \u00e9ternelle.<\/p>\n\n\n\n<p>Pour b\u00e9n\u00e9ficier du salut\n  disponible en Christ il faut mettre sa foi en lui. Cela veut dire le reconna\u00eetre\n  \u00e0 titre de Seigneur et Sauveur (Ro 10.9).\n  D\u2019accepter l\u2019invitation de J\u00e9sus d\u2019avoir la communion avec lui (Ap. 3.20), car c\u2019est le type de relation que Dieu d\u00e9sire\n  entre Lui et sa cr\u00e9ation. \u00c9sa\u00efe a affirm\u00e9 que la main de l\u2019\u00c9ternel n\u2019est pas\n  trop courte pour nous d\u00e9livrer ni son oreille trop pesante pour nous\n  entendre. Ce sont nos p\u00e9ch\u00e9s qui ont mis une s\u00e9paration entre Lui et nous (\u00c9s 59.1-2). L\u2019\u00c9vangile de Christ est tel que d\u00e9crit par\n  l\u2019ap\u00f4tre Paul, c\u2019est la puissance (dynamite) de Dieu pour notre salut (Ro 1.16).<\/p>\n\n\n\n<p>Alors, mettons notre foi\n  en lui et choisissons de marcher dans ses voies en d\u00e9laissant le p\u00e9ch\u00e9. Et si\n  nous tombons, nous savons qu\u2019il est en mesure de nous redresser et de nous affermir.\n  Sentons et voyons comment Dieu est grand, combien il est bon pour nous.<\/p>\n","protected":false},"excerpt":{"rendered":"<div class=\"mh-excerpt\">L\u2019\u00e9vangile de J\u00e9sus Christ, voil\u00e0 la raison d\u2019\u00eatre de toute la Parole de Dieu. Mais pourquoi donc? Parce nous en avons sinc\u00e8rement de besoin. L\u2019\u00c9vangile <a class=\"mh-excerpt-more\" href=\"https:\/\/toisuismoi.ca\/?page_id=400\" title=\"L&rsquo;\u00e9vangile\">[&#8230;]<\/a><\/div>\n","protected":false},"author":1,"featured_media":398,"parent":354,"menu_order":0,"comment_status":"open","ping_status":"closed","template":"template-full.php","meta":{"om_disable_all_campaigns":false,"_monsterinsights_skip_tracking":false,"_monsterinsights_sitenote_active":false,"_monsterinsights_sitenote_note":"","_monsterinsights_sitenote_category":0,"_uf_show_specific_survey":0,"_uf_disable_surveys":false,"footnotes":""},"class_list":["post-400","page","type-page","status-publish","has-post-thumbnail","hentry"],"aioseo_notices":[],"_hostinger_reach_plugin_has_subscription_block":false,"_hostinger_reach_plugin_is_elementor":false,"jetpack_sharing_enabled":true,"jetpack_shortlink":"https:\/\/wp.me\/PaKpHI-6s","jetpack-related-posts":[],"_links":{"self":[{"href":"https:\/\/toisuismoi.ca\/index.php?rest_route=\/wp\/v2\/pages\/400","targetHints":{"allow":["GET"]}}],"collection":[{"href":"https:\/\/toisuismoi.ca\/index.php?rest_route=\/wp\/v2\/pages"}],"about":[{"href":"https:\/\/toisuismoi.ca\/index.php?rest_route=\/wp\/v2\/types\/page"}],"author":[{"embeddable":true,"href":"https:\/\/toisuismoi.ca\/index.php?rest_route=\/wp\/v2\/users\/1"}],"replies":[{"embeddable":true,"href":"https:\/\/toisuismoi.ca\/index.php?rest_route=%2Fwp%2Fv2%2Fcomments&post=400"}],"version-history":[{"count":3,"href":"https:\/\/toisuismoi.ca\/index.php?rest_route=\/wp\/v2\/pages\/400\/revisions"}],"predecessor-version":[{"id":2026,"href":"https:\/\/toisuismoi.ca\/index.php?rest_route=\/wp\/v2\/pages\/400\/revisions\/2026"}],"up":[{"embeddable":true,"href":"https:\/\/toisuismoi.ca\/index.php?rest_route=\/wp\/v2\/pages\/354"}],"wp:featuredmedia":[{"embeddable":true,"href":"https:\/\/toisuismoi.ca\/index.php?rest_route=\/wp\/v2\/media\/398"}],"wp:attachment":[{"href":"https:\/\/toisuismoi.ca\/index.php?rest_route=%2Fwp%2Fv2%2Fmedia&parent=400"}],"curies":[{"name":"wp","href":"https:\/\/api.w.org\/{rel}","templated":true}]}}