{"id":41,"date":"2018-10-21T00:17:38","date_gmt":"2018-10-21T00:17:38","guid":{"rendered":"http:\/\/toisuismoi.ca\/?page_id=41"},"modified":"2026-04-13T14:48:27","modified_gmt":"2026-04-13T18:48:27","slug":"accueil","status":"publish","type":"page","link":"https:\/\/toisuismoi.ca\/","title":{"rendered":"Derni\u00e8res mises \u00e0 jour"},"content":{"rendered":"\n<p class=\"has-text-align-left has-large-font-size\"><strong>Proph\u00e9tie<\/strong><\/p>\n\n\n\n<p class=\"has-medium-font-size\"><strong><a href=\"https:\/\/toisuismoi.ca\/?page_id=2927\" target=\"_blank\" rel=\"noopener\" title=\"\">Savoir ce qui arrivera et comment r\u00e9agir &#8211; Survol vid\u00e9o de Matthieu 24<\/a><\/strong><\/p>\n\n\n\n<ul class=\"wp-block-list\">\n<li class=\"has-medium-font-size\"><strong><a href=\"https:\/\/youtu.be\/BJkNQaDsc2k?si=DcBPZrmM0ve2qPfC\" target=\"_blank\" rel=\"noopener\" title=\"\u00c9pisode 1 : Introduction\">\u00c9pisode 1 : Introduction<\/a> &#8211; L&rsquo;importance de bien conna\u00eetre les \u00c9critures<\/strong><\/li>\n\n\n\n<li class=\"has-medium-font-size\"><strong><a href=\"https:\/\/youtu.be\/geoUvPNNBNI\" title=\"\">\u00c9pisode 2 : Le contexte spirituel d&rsquo;Isra\u00ebl <\/a><\/strong><\/li>\n\n\n\n<li class=\"has-medium-font-size\">\u00c9pisode 3: L&rsquo;importance du Temple et le jugement de J\u00e9sus<\/li>\n\n\n\n<li class=\"has-medium-font-size\">\u00c9pisode 4 : Mise en garde contre la s\u00e9duction des faux Christ <\/li>\n\n\n\n<li class=\"has-medium-font-size\">\u00c9pisode 5 : Guerres et bruits de guerre &#8211; Il faut que cela arrive<\/li>\n\n\n\n<li class=\"has-medium-font-size\">\u00c9pisode 6 : Le commencement des douleurs<\/li>\n\n\n\n<li class=\"has-medium-font-size\">\u00c9pisode 7 : Haines et pers\u00e9cutions enver l&rsquo;\u00c9glise<\/li>\n\n\n\n<li class=\"has-medium-font-size\">Encore plusieurs \u00e0 venir&#8230;<\/li>\n<\/ul>\n\n\n\n<p class=\"has-large-font-size\"><strong>Vid\u00e9os proph\u00e9tiques<\/strong><\/p>\n\n\n\n<ul class=\"wp-block-list\">\n<li class=\"has-medium-font-size\"><a href=\"https:\/\/www.youtube.com\/watch?v=cPr-fRct_gA\" target=\"_blank\" rel=\"noopener\" title=\"\"><strong>Quand les hommes diront Paix et Suret\u00e9<\/strong><\/a><\/li>\n<\/ul>\n\n\n\n<ul class=\"wp-block-list\">\n<li class=\"has-medium-font-size\"><strong><a href=\"https:\/\/toisuismoi.ca\/?p=2341\" target=\"_blank\" rel=\"noopener\" title=\"L\u2019urgence d\u2019agir \u2013 Christ revient bient\u00f4t\">L\u2019urgence d\u2019agir \u2013 Christ revient bient\u00f4t<\/a><\/strong><\/li>\n<\/ul>\n\n\n\n<p class=\"has-large-font-size\"><strong>Articles <\/strong>: <\/p>\n\n\n\n<p class=\"has-medium-font-size\"><a href=\"https:\/\/toisuismoi.ca\/?p=2937\" title=\"Avez-vous entendu sa voix ?\"><strong>Avez-vous entendu sa voix<\/strong><\/a><\/p>\n\n\n\n<p class=\"has-medium-font-size\"><a href=\"https:\/\/toisuismoi.ca\/?p=2918\"><strong>Vraiment chr\u00e9tien ?<\/strong><\/a><\/p>\n\n\n\n<p class=\"has-medium-font-size\"><strong><a href=\"https:\/\/toisuismoi.ca\/?p=2891\" target=\"_blank\" rel=\"noopener\" title=\"Sortir du d\u00e9sespoir et des t\u00e9n\u00e8bres\">Sortir du d\u00e9sespoir et des t\u00e9n\u00e8bres<\/a><\/strong><\/p>\n\n\n\n<p class=\"has-medium-font-size\"><strong><a href=\"https:\/\/toisuismoi.ca\/?p=2870\" target=\"_blank\" rel=\"noopener\" title=\"La subtilit\u00e9 du mensonge m\u00e8ne toujours \u00e0 la perdition\">La subtilit\u00e9 du mensonge m\u00e8ne \u00e0 la perdition<\/a><\/strong><\/p>\n\n\n\n<p class=\"has-medium-font-size\"><strong><a href=\"https:\/\/toisuismoi.ca\/?p=2864\" target=\"_blank\" rel=\"noopener\" title=\"\">Vrai ou faux \u2013 Lire la Bible nous \u00e9loigne du p\u00e9ch\u00e9<\/a><\/strong><\/p>\n\n\n\n<p class=\"has-medium-font-size\"><a href=\"https:\/\/toisuismoi.ca\/?p=2590\" target=\"_blank\" rel=\"noopener\" title=\"\"><strong>Voyez quel amour le P\u00e8re nous a t\u00e9moign\u00e9<\/strong><\/a><\/p>\n\n\n\n<p class=\"has-medium-font-size\"><a href=\"https:\/\/toisuismoi.ca\/?p=2526\" target=\"_blank\" rel=\"noopener\" title=\"\"><strong>Murmures et soul\u00e8vement contre Dieu<\/strong> <\/a><strong><a href=\"https:\/\/toisuismoi.ca\/?p=2526\" target=\"_blank\" rel=\"noopener\" title=\"(Psaume 2)\">(Psaume 2)<\/a><\/strong><\/p>\n\n\n\n<p class=\"has-medium-font-size\"><a href=\"https:\/\/toisuismoi.ca\/?p=2494\" target=\"_blank\" rel=\"noopener\" title=\"J\u00e9sus et le Mill\u00e9nium (Psaume 22)\"><strong>J\u00e9sus et le Mill\u00e9nium (Psaume 22)<\/strong><\/a><\/p>\n\n\n\n<p class=\"has-medium-font-size\"><strong><a href=\"https:\/\/toisuismoi.ca\/?p=64\" target=\"_blank\" rel=\"noopener\" title=\"Laver les pieds l'exemple du maitre\">Laver les pieds l&rsquo;exemple du maitre<\/a><\/strong><\/p>\n\n\n\n<p class=\"has-large-font-size\"><a href=\"https:\/\/toisuismoi.ca\/?p=1933\" title=\"\"><strong>Notes de pr\u00e9dications<\/strong><\/a><\/p>\n\n\n\n<ul class=\"wp-block-list has-medium-font-size\">\n<li class=\"has-medium-font-size\"><a href=\"https:\/\/toisuismoi.ca\/wp-content\/uploads\/2025\/08\/Limportance-de-bien-connaitre-sa-bible-Notes.pdf\" target=\"_blank\" rel=\"noopener\" title=\"\"><strong>L&rsquo;importance de bien conna\u00eetre sa bible<\/strong><\/a><\/li>\n<\/ul>\n\n\n\n<ul class=\"wp-block-list has-medium-font-size\">\n<li class=\"has-medium-font-size\"><a href=\"https:\/\/toisuismoi.ca\/wp-content\/uploads\/2025\/07\/Le-fruit-de-lEsprit-La-douceur.pdf\" title=\"\"><strong>Le fruit de l&rsquo;Esprit &#8211; La douceur<\/strong><\/a><\/li>\n<\/ul>\n\n\n\n<ul class=\"wp-block-list\">\n<li class=\"has-medium-font-size\"><strong><a href=\"https:\/\/toisuismoi.ca\/wp-content\/uploads\/2025\/06\/Jusqua-quand-Seigneur-Psaume-13.pdf\" target=\"_blank\" rel=\"noopener\" title=\"\">Jusqu&rsquo;\u00e0 quand Seigneur &#8211; Psaume 13<\/a><\/strong><\/li>\n<\/ul>\n\n\n\n<ul class=\"wp-block-list has-medium-font-size\">\n<li class=\"has-medium-font-size\"><strong><a href=\"https:\/\/toisuismoi.ca\/wp-content\/uploads\/2025\/05\/Le-fruit-de-lEsprit-la-bonte.pdf\" target=\"_blank\" rel=\"noopener\" title=\"\">Le fruit de l&rsquo;Esprit &#8211; La bont\u00e9<\/a><\/strong><\/li>\n<\/ul>\n\n\n\n<ul class=\"wp-block-list has-medium-font-size\">\n<li class=\"has-medium-font-size\"><strong><a href=\"https:\/\/toisuismoi.ca\/wp-content\/uploads\/2025\/05\/Notes-sur-le-fruit-de-lEsprit-la-patience.pdf\" target=\"_blank\" rel=\"noopener\" title=\"\">Le fruit de l&rsquo;Esprit &#8211; La patience<\/a><\/strong><\/li>\n<\/ul>\n\n\n\n<ul class=\"wp-block-list\">\n<li class=\"has-medium-font-size\"><strong><a href=\"https:\/\/toisuismoi.ca\/wp-content\/uploads\/2025\/04\/Le-fruit-de-lEsprit-La-joie.pdf\" title=\"Le fruit de l'Esprit - La joie \">Le fruit de l&rsquo;Esprit &#8211; La joie <\/a><\/strong><\/li>\n<\/ul>\n\n\n\n<ul class=\"wp-block-list has-medium-font-size\">\n<li class=\"has-medium-font-size\"><strong><a href=\"https:\/\/toisuismoi.ca\/wp-content\/uploads\/2025\/04\/Notes-sur-la-paix.pdf\" target=\"_blank\" rel=\"noopener\" title=\"Le fruit de l'Esprit - La paix\">Le fruit de l&rsquo;Esprit &#8211; La paix<\/a><\/strong><\/li>\n<\/ul>\n\n\n\n<p class=\"has-large-font-size\"><strong>Nouveau vid\u00e9o :<\/strong><\/p>\n\n\n\n<ul class=\"wp-block-list\">\n<li class=\"has-medium-font-size\"><strong>S\u00e9rie : \u00ab\u00a0<a href=\"https:\/\/toisuismoi.ca\/?p=2366\" target=\"_blank\" rel=\"noopener\" title=\"\">L&rsquo;oeuvre du Saint-Esprit dans l&rsquo;\u00c9glise\u00a0\u00bb<\/a><\/strong> <\/li>\n<\/ul>\n\n\n\n<ol class=\"wp-block-list\">\n<li class=\"has-medium-font-size\"><strong><a href=\"https:\/\/toisuismoi.ca\/?page_id=2362\" target=\"_blank\" rel=\"noopener\" title=\"Le t\u00e9moignage de J\u00e9sus concernant le Saint Esprit\">Le t\u00e9moignage de J\u00e9sus concernant le Saint Esprit<\/a><\/strong><\/li>\n\n\n\n<li class=\"has-medium-font-size\"><a href=\"https:\/\/toisuismoi.ca\/?page_id=2362\" title=\"Ce que fait le Saint-Esprit Avant le salut&nbsp;\"><strong>Ce que fait le Saint-Esprit Avant le salut<\/strong>&nbsp;<\/a><\/li>\n\n\n\n<li class=\"has-medium-font-size\"><strong>Le fruit de l\u2019Esprit<\/strong>  <\/li>\n\n\n\n<li class=\"has-medium-font-size\"><a href=\"https:\/\/youtu.be\/daierQfKZpo\"><strong>Le fruit de l\u2019Esprit (1) &#8211; L\u2019amour<\/strong><\/a><\/li>\n\n\n\n<li class=\"has-medium-font-size\"><strong><a href=\"https:\/\/youtu.be\/PEHtgBeAtnA?si=OimSeQi4apQKqejt\" target=\"_blank\" rel=\"noopener\" title=\"\">Le fruit de l\u2019Esprit (2)- La paix<\/a><\/strong><\/li>\n\n\n\n<li><strong><a href=\"https:\/\/youtu.be\/rNuA_qsSO88?si=3Jli_SmqQXgknQUu\" title=\"\">Mission sp\u00e9ciale \u2013 Journ\u00e9e de communion fraternelle<\/a><\/strong><\/li>\n<\/ol>\n\n\n\n<p class=\"has-medium-font-size\"><\/p>\n\n\n\n<p class=\"has-medium-font-size\"><strong><a href=\"https:\/\/toisuismoi.ca\/?p=2262\" title=\"S\u00e9rie : Nicod\u00e8me et la nouvelle naissance\">S\u00e9rie : Nicod\u00e8me et la nouvelle naissance<\/a><\/strong><\/p>\n\n\n\n<ol class=\"wp-block-list\">\n<li class=\"has-medium-font-size\">Nicod\u00e8me, la premi\u00e8re personne \u00e0 qui J\u00e9sus mentionne la nouvelle naissance.<\/li>\n\n\n\n<li class=\"has-medium-font-size\">Ce qu&rsquo;est la bonne nouvelle<\/li>\n\n\n\n<li class=\"has-medium-font-size\">Processus de la nouvelle naissance<\/li>\n\n\n\n<li class=\"has-medium-font-size\">Croire en quoi pour obtenir le salut<\/li>\n\n\n\n<li class=\"has-medium-font-size\">Nuance entre la chair et l&rsquo;esprit<\/li>\n\n\n\n<li class=\"has-medium-font-size\">L&rsquo;exemple du serpent d&rsquo;airain<\/li>\n\n\n\n<li class=\"has-medium-font-size\">La conversion de Nicod\u00e8me<\/li>\n<\/ol>\n\n\n\n<p class=\"has-large-font-size\">S\u00e9rie : <strong><a href=\"https:\/\/toisuismoi.ca\/?page_id=2075\" title=\"Nourriture pour l'\u00e2me\">Nourriture pour l&rsquo;\u00e2me<\/a><\/strong><\/p>\n\n\n\n<ul class=\"wp-block-list\">\n<li class=\"has-medium-font-size\"><a href=\"https:\/\/youtu.be\/tWrprnlp8pk?si=2kdI3i_RgkW-txtJ\"><strong>Une seule chose est n\u00e9cessaire<\/strong><\/a><\/li>\n\n\n\n<li class=\"has-medium-font-size\"><strong><a href=\"https:\/\/youtu.be\/AMEU_GR4AkM?si=xDoC9aW77OSVvZx6\">L&rsquo;h\u00e9ritage de Barnabas<\/a><\/strong><\/li>\n\n\n\n<li class=\"has-medium-font-size\"><strong><a href=\"https:\/\/toisuismoi.ca\/?p=64\" target=\"_blank\" rel=\"noopener\" title=\"Laver les pieds l'exemple du maitre\">Laver les pieds l&rsquo;exemple du maitre<\/a><\/strong><\/li>\n\n\n\n<li class=\"has-medium-font-size\"><strong><a href=\"https:\/\/toisuismoi.ca\/?p=1471\" target=\"_blank\" rel=\"noopener\" title=\"La pr\u00e9destination et le libre arbitre\">La pr\u00e9destination et le libre arbitre<\/a><\/strong><\/li>\n\n\n\n<li class=\"has-medium-font-size\"><strong><a href=\"https:\/\/youtu.be\/X8OqqPcweXA\" title=\"Psaume 119 - Marcher \u00e0 la lumi\u00e8re de la Parole de Dieu\">Psaume 119 &#8211; Marcher \u00e0 la lumi\u00e8re de la Parole de Dieu<\/a><\/strong><\/li>\n<\/ul>\n\n\n\n<p class=\"has-large-font-size\"><strong><a href=\"https:\/\/toisuismoi.ca\/?p=2065\" title=\"S\u00e9rie vid\u00e9o : Mati\u00e8re \u00e0 r\u00e9flexion\">S\u00e9rie vid\u00e9o : Mati\u00e8re \u00e0 r\u00e9flexion<\/a><\/strong><\/p>\n\n\n\n<ul class=\"wp-block-list\">\n<li class=\"has-medium-font-size\"><strong><a href=\"https:\/\/toisuismoi.ca\/?p=2065\" title=\"Est-ce que j\u2019aime mon prochain comme J\u00e9sus me le demande ?\">Est-ce que j\u2019aime mon prochain comme J\u00e9sus me le demande ?<\/a><\/strong><\/li>\n\n\n\n<li class=\"has-medium-font-size\"><a href=\"https:\/\/youtu.be\/Mg3TDSLfunY\" title=\"Des ennemis rus\u00e9s - Josu\u00e9 et les Gabaonites\">Des ennemis rus\u00e9s &#8211; Josu\u00e9 et les Gabaonites<\/a><\/li>\n\n\n\n<li class=\"has-medium-font-size\"><\/li>\n<\/ul>\n\n\n\n<p class=\"has-large-font-size\"><strong>Notes de pr\u00e9dications<\/strong> :<\/p>\n\n\n\n<ul class=\"wp-block-list\">\n<li class=\"has-medium-font-size\"><a href=\"https:\/\/toisuismoi.ca\/wp-content\/uploads\/2025\/10\/Le-combat-spirituel-1-La-chair-et-le-monde.pdf\" target=\"_blank\" rel=\"noopener\" title=\"\"><strong>Le combat spirituel 1 &#8211; La chair et le sang<\/strong><\/a><\/li>\n\n\n\n<li class=\"has-medium-font-size\"><a href=\"https:\/\/toisuismoi.ca\/wp-content\/uploads\/2025\/02\/La-Table-du-seigneur.pdf\">La Table du Seigneur<\/a> <\/li>\n\n\n\n<li class=\"has-medium-font-size\"><a href=\"https:\/\/toisuismoi.ca\/wp-content\/uploads\/2024\/12\/LEvangile-de-Marc.pdf\" title=\"\">L&rsquo;\u00c9vangile selon Marc<\/a><\/li>\n\n\n\n<li class=\"has-medium-font-size\"><strong><a href=\"https:\/\/toisuismoi.ca\/wp-content\/uploads\/2024\/12\/Les-pharisiens.pdf\">Les pharisiens<\/a> (Luc 5.30-32)<\/strong><\/li>\n\n\n\n<li class=\"has-medium-font-size\"><strong><a href=\"https:\/\/toisuismoi.ca\/wp-content\/uploads\/2024\/11\/Jesus-Levi-et-les-pharisiens.pdf\" title=\"J\u00e9sus, L\u00e9vi et les pharisiens\">J\u00e9sus, L\u00e9vi et les pharisiens<\/a> <\/strong>(Luc 5.27-28)<\/li>\n\n\n\n<li class=\"has-medium-font-size\"><strong><a href=\"https:\/\/toisuismoi.ca\/wp-content\/uploads\/2024\/11\/Dieu-repond-a-la-priere-de-Salomon.pdf\" title=\"\">La r\u00e9ponse de Dieu \u00e0 la pri\u00e8re de Salomon <\/a>(2 Chr 7.14-15)<\/strong><\/li>\n\n\n\n<li class=\"has-medium-font-size\"><strong><a href=\"https:\/\/toisuismoi.ca\/wp-content\/uploads\/2024\/09\/Le-premier-miracle-de-Jesus.pdf\" title=\"\">Le premier miracle de J\u00e9sus <\/a>29 septembre 2024<\/strong><\/li>\n\n\n\n<li class=\"has-medium-font-size\"><strong><a href=\"https:\/\/toisuismoi.ca\/wp-content\/uploads\/2024\/09\/Jesus-dans-lAncien-Testament.pdf\" target=\"_blank\" rel=\"noreferrer noopener\">J\u00e9sus dans l&rsquo;Ancien Testament<\/a> 8 septembre 2024<\/strong><\/li>\n\n\n\n<li class=\"has-medium-font-size\"><strong><a href=\"https:\/\/toisuismoi.ca\/wp-content\/uploads\/2024\/08\/Laver-les-pieds-\u2013-Lexemple-du-maitre.pdf\">Laver les pieds &#8211; L&rsquo;exemple du ma\u00eetre (Jean 13.1-11)<\/a> 1ier septembre 2024<\/strong><\/li>\n\n\n\n<li class=\"has-medium-font-size\"><strong><a href=\"https:\/\/toisuismoi.ca\/wp-content\/uploads\/2024\/08\/Jaloux-de-la-prosperite-des-mechants.pdf\">Jaloux de la prosp\u00e9rit\u00e9 des m\u00e9chants (Ps 73)<\/a> 18 ao\u00fbt 204<\/strong><\/li>\n\n\n\n<li class=\"has-medium-font-size\"><strong><a href=\"https:\/\/toisuismoi.ca\/wp-content\/uploads\/2024\/08\/Conseils-bibliques-par-rapport-aux-mechants-Psaume-37-1.pdf\">Conseils bibliques par rapport aux m\u00e9chants (Psaume 37<\/a>) 4 ao\u00fbt 2024<\/strong><\/li>\n\n\n\n<li><strong>Actes 2-42 : L\u2019essentiel pour l\u2019\u00c9glise<\/strong>\n<ul class=\"wp-block-list\">\n<li class=\"has-medium-font-size\"><strong><a href=\"https:\/\/toisuismoi.ca\/wp-content\/uploads\/2023\/09\/La-doctrine-des-apotres.pdf\">Pers\u00e9v\u00e9rer dans la Doctrine des ap\u00f4tres<\/a><\/strong><\/li>\n\n\n\n<li class=\"has-medium-font-size\"><strong><a href=\"https:\/\/toisuismoi.ca\/wp-content\/uploads\/2023\/10\/Actes-2.42-la-communion-fraternelle.pdf\">Pers\u00e9v\u00e9rer dans la communion fraternelle<\/a><\/strong><\/li>\n\n\n\n<li class=\"has-medium-font-size\"><strong><a href=\"https:\/\/toisuismoi.ca\/wp-content\/uploads\/2023\/10\/Perseverez-dans-la-fraction-du-pain.pdf\">Pers\u00e9v\u00e9rer dans la fraction du pain<\/a><\/strong><\/li>\n\n\n\n<li class=\"has-medium-font-size\"><strong><a href=\"https:\/\/toisuismoi.ca\/wp-content\/uploads\/2023\/11\/Perseverez-dans-la-priere-1.pdf\">Pers\u00e9v\u00e9rer dans la pri\u00e8re<\/a><\/strong><\/li>\n\n\n\n<li class=\"has-medium-font-size\"><a href=\"https:\/\/toisuismoi.ca\/?p=1933\" target=\"_blank\" rel=\"noopener\" title=\"\">Voir la liste compl\u00e8te des pr\u00e9dications<\/a><\/li>\n<\/ul>\n<\/li>\n<\/ul>\n\n\n\n<p class=\"has-text-align-left has-medium-font-size\"><a href=\"https:\/\/youtu.be\/RM_VMclpj80?si=u_EJ0ze-onQgCce9\" data-type=\"link\" data-id=\"https:\/\/youtu.be\/RM_VMclpj80?si=u_EJ0ze-onQgCce9\">R\u00e9ponse chr\u00e9tienne au scandale de la c\u00e9r\u00e9monie d&rsquo;ouverture des JO 2024 de Paris.<\/a> <\/p>\n\n\n\n<p class=\"has-text-align-left has-medium-font-size\"><strong><a data-type=\"link\" data-id=\"https:\/\/youtu.be\/oFYWaTPI1Rw?si=sEoSYj1VVkcGHzx-\" href=\"https:\/\/youtu.be\/oFYWaTPI1Rw?si=sEoSYj1VVkcGHzx-\">Est-ce que j&rsquo;aime mon prochain comme J\u00e9sus me le demande ?<\/a><\/strong><\/p>\n\n\n\n<p class=\"has-medium-font-size\"><strong>Survol des tribulations de l&rsquo;Apocalypse<\/strong><\/p>\n\n\n\n<ul class=\"wp-block-list\">\n<li class=\"has-medium-font-size\"><a href=\"https:\/\/toisuismoi.ca\/wp-content\/uploads\/2023\/12\/Survol-des-tribulations-de-lApocalypse-premiere-partie.pdf?fbclid=IwAR2tMhEgivXuySnbDl4lnidwNuVjQ0r2SWWulnTqiKrd0q9ydm9WRBH078Y\"><strong>Premi\u00e8re partie &#8211; Le livre aux 7 Sceaux et l&rsquo;ouverture des 4 premiers<\/strong><\/a><\/li>\n<\/ul>\n\n\n\n<p class=\"has-large-font-size\"><strong>Actes 2-42 : L\u2019essentiel pour l\u2019\u00c9glise<\/strong> (Notes)<\/p>\n\n\n\n<ul class=\"wp-block-list\">\n<li class=\"has-medium-font-size\"><strong><a href=\"https:\/\/toisuismoi.ca\/wp-content\/uploads\/2023\/09\/La-doctrine-des-apotres.pdf\">Pers\u00e9v\u00e9rer dans la Doctrine des ap\u00f4tres<\/a><\/strong><\/li>\n\n\n\n<li class=\"has-medium-font-size\"><strong><a href=\"https:\/\/toisuismoi.ca\/wp-content\/uploads\/2023\/10\/Actes-2.42-la-communion-fraternelle.pdf\">Pers\u00e9v\u00e9rer dans la communion fraternelle<\/a><\/strong><\/li>\n\n\n\n<li class=\"has-medium-font-size\"><strong><a href=\"https:\/\/toisuismoi.ca\/wp-content\/uploads\/2023\/10\/Perseverez-dans-la-fraction-du-pain.pdf\">Pers\u00e9v\u00e9rer dans la fraction du pain<\/a><\/strong><\/li>\n\n\n\n<li class=\"has-medium-font-size\"><strong><a href=\"https:\/\/toisuismoi.ca\/wp-content\/uploads\/2023\/11\/Perseverez-dans-la-priere-1.pdf\">Pers\u00e9v\u00e9rer dans la pri\u00e8re<\/a><\/strong><\/li>\n<\/ul>\n\n\n\n<p><\/p>\n","protected":false},"excerpt":{"rendered":"<div class=\"mh-excerpt\">Proph\u00e9tie Savoir ce qui arrivera et comment r\u00e9agir &#8211; Survol vid\u00e9o de Matthieu 24 Vid\u00e9os proph\u00e9tiques Articles : Avez-vous entendu sa voix Vraiment chr\u00e9tien ? <a class=\"mh-excerpt-more\" href=\"https:\/\/toisuismoi.ca\/\" title=\"Derni\u00e8res mises \u00e0 jour\">[&#8230;]<\/a><\/div>\n","protected":false},"author":1,"featured_media":989,"parent":0,"menu_order":0,"comment_status":"closed","ping_status":"closed","template":"","meta":{"om_disable_all_campaigns":false,"_monsterinsights_skip_tracking":false,"_monsterinsights_sitenote_active":false,"_monsterinsights_sitenote_note":"","_monsterinsights_sitenote_category":0,"_uf_show_specific_survey":0,"_uf_disable_surveys":false,"footnotes":""},"class_list":["post-41","page","type-page","status-publish","has-post-thumbnail","hentry"],"aioseo_notices":[],"_hostinger_reach_plugin_has_subscription_block":false,"_hostinger_reach_plugin_is_elementor":false,"jetpack_sharing_enabled":true,"jetpack_shortlink":"https:\/\/wp.me\/PaKpHI-F","jetpack-related-posts":[],"_links":{"self":[{"href":"https:\/\/toisuismoi.ca\/index.php?rest_route=\/wp\/v2\/pages\/41","targetHints":{"allow":["GET"]}}],"collection":[{"href":"https:\/\/toisuismoi.ca\/index.php?rest_route=\/wp\/v2\/pages"}],"about":[{"href":"https:\/\/toisuismoi.ca\/index.php?rest_route=\/wp\/v2\/types\/page"}],"author":[{"embeddable":true,"href":"https:\/\/toisuismoi.ca\/index.php?rest_route=\/wp\/v2\/users\/1"}],"replies":[{"embeddable":true,"href":"https:\/\/toisuismoi.ca\/index.php?rest_route=%2Fwp%2Fv2%2Fcomments&post=41"}],"version-history":[{"count":145,"href":"https:\/\/toisuismoi.ca\/index.php?rest_route=\/wp\/v2\/pages\/41\/revisions"}],"predecessor-version":[{"id":2990,"href":"https:\/\/toisuismoi.ca\/index.php?rest_route=\/wp\/v2\/pages\/41\/revisions\/2990"}],"wp:featuredmedia":[{"embeddable":true,"href":"https:\/\/toisuismoi.ca\/index.php?rest_route=\/wp\/v2\/media\/989"}],"wp:attachment":[{"href":"https:\/\/toisuismoi.ca\/index.php?rest_route=%2Fwp%2Fv2%2Fmedia&parent=41"}],"curies":[{"name":"wp","href":"https:\/\/api.w.org\/{rel}","templated":true}]}}